{"id":667,"date":"2013-11-20T10:12:58","date_gmt":"2013-11-20T10:12:58","guid":{"rendered":"http:\/\/test.mercatflor.cat\/?page_id=667"},"modified":"2016-02-11T11:43:43","modified_gmt":"2016-02-11T11:43:43","slug":"avantages","status":"publish","type":"page","link":"https:\/\/www.mercatflor.cat\/fr\/vente-directe\/avantages\/","title":{"rendered":"Avantages"},"content":{"rendered":"<div id=\"header_image\"><img decoding=\"async\" alt=\"\" src=\"\/wp-content\/uploads\/2013\/11\/header_ventas.jpg\" \/><\/div>\n<div id=\"content_page_title\">\n<div class=\"row\">\n<div id=\"titol_pagina\" class=\"col-md-4 col-xs-12\">\n<p>Avantages Vente directe<\/p>\n<\/div>\n<div id=\"doble_separador_gris_titol_70\"><\/div>\n<\/div>\n<p><!-- #content_page_title--><\/p>\n<div class=\"col-md-8 col-xs-12\">\n<ul id=\"avantatges\">\n<li>Le plus ample \u00e9ventail de plantes, fleurs et accesoires.<\/li>\n<li>Des prix beaucoup plus comp\u00e9titifs que n&rsquo;importe quelle autre entreprise grossiste.<\/li>\n<li>La meilleure offre de floriculture et horticulture ornementale du sud de l&rsquo;Europe.<\/li>\n<li>Fleurs et plantes depuis origine, mise \u00e0 la vente directement du producteur.<\/li>\n<li>Qualit\u00e9 maximale et fra\u00eecheur des produits.<\/li>\n<li><span style=\"line-height: 2;\">Centre du cluster principal de floriculture et une horticulture ornementale de l&rsquo;\u00c9tat spagnole.<\/span><\/li>\n<li>Centre d&rsquo;entreprises de Services Compl\u00e9mentaires et d&rsquo;\u00c9quipements: les Transports, l&rsquo;\u00c9cole d&rsquo;Art Floral, d&rsquo;Assessorats, d&rsquo;Informatique, etc.<\/li>\n<li>Une communication parfaite et facile: l&rsquo;Autoroute C32 et l&rsquo;Avda. Beniamino Farina, 135 (l\u2019ancienne Nationale-II)<\/li>\n<li>Plus de 16.000 m2 de stationnement pour les utilisateurs du Mercat.<\/li>\n<\/ul>\n<\/div>\n<div class=\"col-md-4 col-xs-12\"><img decoding=\"async\" style=\"width:100%\" alt=\"vendadirecta\" src=\"\/wp-content\/uploads\/2013\/12\/vendadirecta.jpg\">\n<\/div>\n<\/div>\n","protected":false},"excerpt":{"rendered":"<p>Avantages Vente directe Le plus ample \u00e9ventail de plantes, fleurs et accesoires. Des prix beaucoup plus comp\u00e9titifs que n&rsquo;importe quelle autre entreprise grossiste. La meilleure offre de floriculture et horticulture ornementale du sud de l&rsquo;Europe. Fleurs et plantes depuis origine, mise \u00e0 la vente directement du producteur. Qualit\u00e9 maximale et fra\u00eecheur des produits. Centre du [&hellip;]<\/p>\n","protected":false},"author":6,"featured_media":0,"parent":661,"menu_order":0,"comment_status":"closed","ping_status":"closed","template":"page_without_news.php","meta":{"footnotes":""},"class_list":["post-667","page","type-page","status-publish","hentry"],"aioseo_notices":[],"_links":{"self":[{"href":"https:\/\/www.mercatflor.cat\/fr\/wp-json\/wp\/v2\/pages\/667","targetHints":{"allow":["GET"]}}],"collection":[{"href":"https:\/\/www.mercatflor.cat\/fr\/wp-json\/wp\/v2\/pages"}],"about":[{"href":"https:\/\/www.mercatflor.cat\/fr\/wp-json\/wp\/v2\/types\/page"}],"author":[{"embeddable":true,"href":"https:\/\/www.mercatflor.cat\/fr\/wp-json\/wp\/v2\/users\/6"}],"replies":[{"embeddable":true,"href":"https:\/\/www.mercatflor.cat\/fr\/wp-json\/wp\/v2\/comments?post=667"}],"version-history":[{"count":10,"href":"https:\/\/www.mercatflor.cat\/fr\/wp-json\/wp\/v2\/pages\/667\/revisions"}],"predecessor-version":[{"id":7318,"href":"https:\/\/www.mercatflor.cat\/fr\/wp-json\/wp\/v2\/pages\/667\/revisions\/7318"}],"up":[{"embeddable":true,"href":"https:\/\/www.mercatflor.cat\/fr\/wp-json\/wp\/v2\/pages\/661"}],"wp:attachment":[{"href":"https:\/\/www.mercatflor.cat\/fr\/wp-json\/wp\/v2\/media?parent=667"}],"curies":[{"name":"wp","href":"https:\/\/api.w.org\/{rel}","templated":true}]}}