{"id":2466,"date":"2013-12-19T16:05:23","date_gmt":"2013-12-19T16:05:23","guid":{"rendered":"http:\/\/test.mercatflor.cat\/cookies-2\/"},"modified":"2018-06-11T08:06:31","modified_gmt":"2018-06-11T08:06:31","slug":"cookies","status":"publish","type":"page","link":"https:\/\/www.mercatflor.cat\/fr\/cookies\/","title":{"rendered":"Cookies"},"content":{"rendered":"<div id=\"header_image\"><img decoding=\"async\" src=\"\/wp-content\/uploads\/2013\/11\/header_activitats.jpg\" alt=\"\" \/><\/div>\n<div id=\"content_page_title\">\n<div id=\"titol_pagina\">\n<p>Cookies<\/p>\n<\/div>\n<div id=\"doble_separador_gris_titol\"><\/div>\n<\/div>\n<p><!-- #content_page_title--><\/p>\n<div id=\"tallers\">\n<p>Un cookie est une petite information envoy\u00e9e par un site Internet et stock\u00e9e dans le navigateur de l&rsquo;utilisateur, de sorte que le site Web peut v\u00e9rifier l&rsquo;activit\u00e9 pr\u00e9c\u00e9dente de l&rsquo;utilisateur.<\/p>\n<p>&nbsp;<\/p>\n<p>Ses principales fonctions sont:<\/p>\n<ul id=\"avantatges\">\n<li>Gardez une trace des utilisateurs: Quand un utilisateur entre son nom d&rsquo;utilisateur et mot de passe, un cookie est stock\u00e9 par \u00e9viter \u00eatre introduisant autre fois sur \u200b\u200bchaque page du serveur. Par contre, un cookie ne identifie pas une seule personne, mais une combinaison de l&rsquo;ordinateur &#8211; navigateur &#8211; utilisateur.<\/li>\n<li>Obtenir des informations sur les habitudes de navigation de l&rsquo;utilisateur, entre autres.<\/li>\n<\/ul>\n<p>Ce site utilise ses propres cookies.<\/p>\n<p>&nbsp;<\/p>\n<p>&nbsp;<\/p>\n<table id=\"cookies\">\n<tbody>\n<tr>\n<th><strong>Sorte de cookie<\/strong><\/th>\n<th><strong>Finalit\u00e9<\/strong><\/th>\n<\/tr>\n<tr>\n<td>_icl_current_language<\/td>\n<td>Identification et am\u00e9liorer la navigation.<\/td>\n<\/tr>\n<tr>\n<td>wordpress_test_cookie<\/td>\n<\/tr>\n<tr>\n<td>PHPSESSID<\/td>\n<\/tr>\n<tr>\n<td>wp-settings-1<\/td>\n<\/tr>\n<tr>\n<td>wp-setting-time-1<\/td>\n<\/tr>\n<\/tbody>\n<\/table>\n<\/div>\n","protected":false},"excerpt":{"rendered":"<p>Cookies Un cookie est une petite information envoy\u00e9e par un site Internet et stock\u00e9e dans le navigateur de l&rsquo;utilisateur, de sorte que le site Web peut v\u00e9rifier l&rsquo;activit\u00e9 pr\u00e9c\u00e9dente de l&rsquo;utilisateur. &nbsp; Ses principales fonctions sont: Gardez une trace des utilisateurs: Quand un utilisateur entre son nom d&rsquo;utilisateur et mot de passe, un cookie est [&hellip;]<\/p>\n","protected":false},"author":6,"featured_media":0,"parent":0,"menu_order":0,"comment_status":"closed","ping_status":"closed","template":"page_without_news.php","meta":{"footnotes":""},"class_list":["post-2466","page","type-page","status-publish","hentry"],"aioseo_notices":[],"_links":{"self":[{"href":"https:\/\/www.mercatflor.cat\/fr\/wp-json\/wp\/v2\/pages\/2466","targetHints":{"allow":["GET"]}}],"collection":[{"href":"https:\/\/www.mercatflor.cat\/fr\/wp-json\/wp\/v2\/pages"}],"about":[{"href":"https:\/\/www.mercatflor.cat\/fr\/wp-json\/wp\/v2\/types\/page"}],"author":[{"embeddable":true,"href":"https:\/\/www.mercatflor.cat\/fr\/wp-json\/wp\/v2\/users\/6"}],"replies":[{"embeddable":true,"href":"https:\/\/www.mercatflor.cat\/fr\/wp-json\/wp\/v2\/comments?post=2466"}],"version-history":[{"count":4,"href":"https:\/\/www.mercatflor.cat\/fr\/wp-json\/wp\/v2\/pages\/2466\/revisions"}],"predecessor-version":[{"id":9637,"href":"https:\/\/www.mercatflor.cat\/fr\/wp-json\/wp\/v2\/pages\/2466\/revisions\/9637"}],"wp:attachment":[{"href":"https:\/\/www.mercatflor.cat\/fr\/wp-json\/wp\/v2\/media?parent=2466"}],"curies":[{"name":"wp","href":"https:\/\/api.w.org\/{rel}","templated":true}]}}