{"id":1274,"date":"2013-12-11T10:57:23","date_gmt":"2013-12-11T10:57:23","guid":{"rendered":"http:\/\/test.mercatflor.cat\/?page_id=1274"},"modified":"2014-01-10T17:48:00","modified_gmt":"2014-01-10T17:48:00","slug":"avertissement-legal","status":"publish","type":"page","link":"https:\/\/www.mercatflor.cat\/fr\/avertissement-legal\/","title":{"rendered":"Avertissement l\u00e9gal"},"content":{"rendered":"<div id=\"header_image\"><img decoding=\"async\" alt=\"\" src=\"\/wp-content\/uploads\/2013\/11\/header_home.jpg\" \/><\/div>\n<p>&nbsp;<\/p>\n<div id=\"content_page_title\">\n<div id=\"titol_pagina\">\n<p>Avert.\u00a0L\u00e9gal<\/p>\n<\/div>\n<div id=\"doble_separador_gris_titol\"><\/div>\n<\/div>\n<p><!-- #content_page_title--><\/p>\n<div id=\"tallers\">\n<p><b>\u00a0<\/b><\/p>\n<p><b>Conditions d&rsquo;utilisation du site<\/b><\/p>\n<p>Ce site web donne acc\u00e8s au portail web MERCAT DE FLOR I PLANTA ORNAMENTAL DE CATALUNYA. Le fait de connecter \u00e0 ce site implique l&rsquo;acceptation du cet avertissement l\u00e9gal. Nous nous r\u00e9servons le droit de modifier \u00e0 tout moment l\u2019avertissement l\u00e9gal.<\/p>\n<p>&nbsp;<\/p>\n<p><b>Propri\u00e9t\u00e9 intellectuelle<\/b><\/p>\n<p>Tous les contenus du site, comprenant a titre indicatif les textes, photographies, graphiques, images, ic\u00f4nes, technologies, logiciels, links et autres contenus, comme les codes de conception graphique et de source sont la propri\u00e9t\u00e9 de notre soci\u00e9t\u00e9 et ses droits du exploitation ne peuvent pas \u00eatre transf\u00e9r\u00e9 \u00e0 l&rsquo;utilisateur au-del\u00e0 de ce qui est n\u00e9cessaire pour l&rsquo;utilisation correcte du site.<\/p>\n<p>&nbsp;<\/p>\n<p><b>Conformit\u00e9 LSSI<\/b><\/p>\n<p>En conformit\u00e9 avec l&rsquo;article 10 de la Loi espagnole de Services de la Soci\u00e9t\u00e9 de l&rsquo;Information et le Commerce \u00c9lectronique ( loi 34\/2002 ), nous vous informons de ce qui suit :<\/p>\n<p>&nbsp;<\/p>\n<p>Le MERCAT DE FLOR I PLANTA ORNAMENTAL DE CATALUNYA est une Soci\u00e9t\u00e9 Agraire de Transformation en vertu du d\u00e9cret royal 1776\/81 du 3 Ao\u00fbt a pour objet l&rsquo;exploitation et la gestion du Mercat De Flor i Planta Ornamental De Catalunya.<\/p>\n<p>&nbsp;<\/p>\n<p>Cette Soci\u00e9t\u00e9 Agraire de Transformation ( SAT ) a \u00e9t\u00e9 enregistr\u00e9 avec le Departament d\u2019Agricultura, Ramaderia i Pesca dans le cadre des dispositions du d\u00e9cret 111\/1985 DOGC, et l&rsquo;ordonnance du 27 Janvier 1989, le m\u00eame document.<\/p>\n<p>Le si\u00e8ge social est situ\u00e9 sur le site Avinguda Beniamino Farina , 135 (N- II) 08340 Vilassar de Mar, Barcelone.<\/p>\n<p>L&rsquo;adresse e-mail est: mercatflor@mercatflor.cat<\/p>\n<p>Le C.I.F est V-08834830<\/p>\n<p>&nbsp;<\/p>\n<p><b>Exclusi\u00f3n de responsabilit\u00e9<\/b><\/p>\n<p>Le MERCAT DE FLOR I PLANTA ORNAMENTAL DE CATALUNYA d\u00e9cline toute responsabilit\u00e9 pour les hyperliens vers son site web ou les r\u00e9seaux sociaux.<\/p>\n<p>&nbsp;<\/p>\n<p><b>Loi applicable et juridiction<\/b><\/p>\n<p>Pour toute controverse li\u00e9e \u00e0 la pr\u00e9sente avertissement l\u00e9gal, les parties conviennent la soumission expresse \u00e0 la juridiction des tribunaux du Vilassar de Mar.<\/p>\n<\/div>\n","protected":false},"excerpt":{"rendered":"<p>&nbsp; Avert.\u00a0L\u00e9gal \u00a0 Conditions d&rsquo;utilisation du site Ce site web donne acc\u00e8s au portail web MERCAT DE FLOR I PLANTA ORNAMENTAL DE CATALUNYA. Le fait de connecter \u00e0 ce site implique l&rsquo;acceptation du cet avertissement l\u00e9gal. Nous nous r\u00e9servons le droit de modifier \u00e0 tout moment l\u2019avertissement l\u00e9gal. &nbsp; Propri\u00e9t\u00e9 intellectuelle Tous les contenus du [&hellip;]<\/p>\n","protected":false},"author":6,"featured_media":0,"parent":0,"menu_order":0,"comment_status":"closed","ping_status":"closed","template":"page_without_news.php","meta":{"footnotes":""},"class_list":["post-1274","page","type-page","status-publish","hentry"],"aioseo_notices":[],"_links":{"self":[{"href":"https:\/\/www.mercatflor.cat\/fr\/wp-json\/wp\/v2\/pages\/1274","targetHints":{"allow":["GET"]}}],"collection":[{"href":"https:\/\/www.mercatflor.cat\/fr\/wp-json\/wp\/v2\/pages"}],"about":[{"href":"https:\/\/www.mercatflor.cat\/fr\/wp-json\/wp\/v2\/types\/page"}],"author":[{"embeddable":true,"href":"https:\/\/www.mercatflor.cat\/fr\/wp-json\/wp\/v2\/users\/6"}],"replies":[{"embeddable":true,"href":"https:\/\/www.mercatflor.cat\/fr\/wp-json\/wp\/v2\/comments?post=1274"}],"version-history":[{"count":9,"href":"https:\/\/www.mercatflor.cat\/fr\/wp-json\/wp\/v2\/pages\/1274\/revisions"}],"predecessor-version":[{"id":2504,"href":"https:\/\/www.mercatflor.cat\/fr\/wp-json\/wp\/v2\/pages\/1274\/revisions\/2504"}],"wp:attachment":[{"href":"https:\/\/www.mercatflor.cat\/fr\/wp-json\/wp\/v2\/media?parent=1274"}],"curies":[{"name":"wp","href":"https:\/\/api.w.org\/{rel}","templated":true}]}}