{"id":66,"date":"2013-10-09T09:52:37","date_gmt":"2013-10-09T09:52:37","guid":{"rendered":"http:\/\/mercat.copia.loc\/?page_id=66"},"modified":"2026-02-03T14:10:27","modified_gmt":"2026-02-03T14:10:27","slug":"mercat","status":"publish","type":"page","link":"https:\/\/www.mercatflor.cat\/es\/","title":{"rendered":"Mercat"},"content":{"rendered":"\n<div class=\"alignnormal\"><div id=\"metaslider-id-14945\" style=\"width: 100%;\" class=\"ml-slider-3-101-0 metaslider metaslider-flex metaslider-14945 ml-slider ms-theme-default-base nav-hidden\" role=\"region\" aria-label=\"Home Castell\u00e0\" data-height=\"487\" data-width=\"1140\">\n    <div id=\"metaslider_container_14945\">\n        <div id=\"metaslider_14945\">\n            <ul class='slides'>\n                <li style=\"display: block; width: 100%;\" class=\"slide-15397 ms-image \" aria-roledescription=\"slide\" data-date=\"2026-04-02 09:49:50\"><img loading=\"lazy\" decoding=\"async\" src=\"https:\/\/www.mercatflor.cat\/wp-content\/uploads\/2025\/03\/Banner-Primavera-CAT.jpg\" height=\"487\" width=\"1140\" alt=\"\" class=\"slider-14945 slide-15397 msDefaultImage\" title=\"Banner Primavera CAT\" \/><\/li>\n                <li style=\"display: none; width: 100%;\" class=\"slide-14947 ms-image \" aria-roledescription=\"slide\" data-date=\"2025-01-17 16:56:53\"><img loading=\"lazy\" decoding=\"async\" src=\"https:\/\/www.mercatflor.cat\/wp-content\/uploads\/2021\/07\/Banner-Horari-jul21-ESP-1.png\" height=\"487\" width=\"1140\" alt=\"\" class=\"slider-14945 slide-14947 msDefaultImage\" title=\"Banner Horari jul21 ESP\" \/><\/li>\n                <li style=\"display: none; width: 100%;\" class=\"slide-14948 ms-image \" aria-roledescription=\"slide\" data-date=\"2025-01-17 16:56:53\"><img loading=\"lazy\" decoding=\"async\" src=\"https:\/\/www.mercatflor.cat\/wp-content\/uploads\/2021\/07\/Banner-El-Mercat.png\" height=\"487\" width=\"1140\" alt=\"\" class=\"slider-14945 slide-14948 msDefaultImage\" title=\"Banner El Mercat\" \/><\/li>\n                <li style=\"display: none; width: 100%;\" class=\"slide-14949 ms-image \" aria-roledescription=\"slide\" data-date=\"2025-01-17 16:56:53\"><img loading=\"lazy\" decoding=\"async\" src=\"https:\/\/www.mercatflor.cat\/wp-content\/uploads\/2022\/06\/Banner-CDA-Estiu22-1140x487.jpg\" height=\"487\" width=\"1140\" alt=\"\" class=\"slider-14945 slide-14949 msDefaultImage\" title=\"Banner CDA Estiu22\" \/><\/li>\n            <\/ul>\n        <\/div>\n        \n    <\/div>\n<\/div><\/div>\n\n\n<div id=\"contingut_home\">\n<div class=\"row\">\n<div id=\"presentacio\" class=\"col-xs-12 col-md-8\">\n<h2 style=\"text-align: center;\">Somos\u00a0el principal\u00a0mayorista profesional del pa\u00eds<br \/>en el comercio\u00a0en origen de flor y planta ornamental.<br \/>Referentes en el Sur de Europa.<\/h2>\n<h4 style=\"text-align: center;\"><strong>ABRIMOS LOS LUNES &#8211; MI\u00c9RCOLES &#8211; VIERNES <\/strong><\/h4>\n<h4 style=\"text-align: center;\"><strong><span style=\"color: #ffffff;\">HORARIO DE 8 A 13H<\/span><\/strong><\/h4>\n<h2 style=\"text-align: center;\"><strong><span style=\"color: #000000;\">M\u00e1s informaci\u00f3n: Tel. 937 500 000<\/span><\/strong><\/h2>\n<\/div>\n<div id=\"links_home\" class=\"col-xs-12 col-md-4\">\n<h3><em>Al servicio del sector ornamental<\/em><\/h3>\n<ul>\n<li><a href=\"https:\/\/www.mercatflor.cat\/es\/venta-directa\/\"><img decoding=\"async\" src=\"\/wp-content\/uploads\/2013\/10\/plus.png\" alt=\"\" \/><\/a><a href=\"https:\/\/www.mercatflor.cat\/wp-content\/uploads\/2026\/02\/MERCAT-DIRECTORI-2026-Web.pdf\">Venta directa &#8211; Directorio<\/a><\/li>\n<li><a href=\"https:\/\/www.mercatflor.cat\/es\/category\/catalogo\/\"><img decoding=\"async\" src=\"\/wp-content\/uploads\/2013\/10\/plus.png\" alt=\"\" \/><\/a><a href=\"http:\/\/www.mercatflor.cat\/wp-content\/uploads\/2015\/02\/CAT%C3%80LEG-MERCAT-OK.pdf\" target=\"_blank\" rel=\"noopener noreferrer\">El Mercat &#8211; Dosier corporativo<\/a><\/li>\n<li><a title=\"Calendari 2015\" href=\"http:\/\/www.mercatflor.cat\/wp-content\/uploads\/2015\/02\/2015-mercats-i-venda.pdf\" target=\"_blank\" rel=\"noopener noreferrer\"><img decoding=\"async\" src=\"\/wp-content\/uploads\/2013\/10\/plus.png\" alt=\"\" \/><\/a><a href=\"https:\/\/www.mercatflor.cat\/wp-content\/uploads\/2026\/01\/2026-Mercats-ESP.pdf\" target=\"_blank\" rel=\"noopener\">Calendario del Mercat 2026<\/a><\/li>\n<li><a title=\"Calendari 2015\" href=\"http:\/\/www.mercatflor.cat\/wp-content\/uploads\/2015\/02\/2015-mercats-i-venda.pdf\" target=\"_blank\" rel=\"noopener noreferrer\"><img decoding=\"async\" src=\"\/wp-content\/uploads\/2013\/10\/plus.png\" alt=\"\" \/>\u00bf<\/a><a href=\"https:\/\/www.mercatflor.cat\/wp-content\/uploads\/2026\/01\/MERCAT-TRIPTIC-CARNETSESP.pdf\" target=\"_blank\" rel=\"noopener\">C\u00f3mo ser cliente?<\/a><\/li>\n<\/ul>\n<\/div>\n<\/div>\n<\/div>\n<div class=\"row\">\n<div id=\"tecniques\" class=\"col-xs-12 col-md-4\">\n<p><a href=\"http:\/\/www.mercatflor.cat\/es\/sin-categoria-es\/2016\/01\/caracteristicas-tecnicas\/\" target=\"_blank\" rel=\"noopener noreferrer\"><img loading=\"lazy\" decoding=\"async\" src=\"\/wp-content\/uploads\/2013\/11\/aeri_mercat_actual.jpg\" alt=\"\" width=\"300\" height=\"245\" \/><\/a><\/p>\n<h3><a href=\"http:\/\/www.mercatflor.cat\/es\/sin-categoria-es\/2016\/01\/caracteristicas-tecnicas\/\" target=\"_blank\" rel=\"noopener noreferrer\">Caracter\u00edsticas t\u00e9cnicas<\/a><\/h3>\n<\/div>\n<div id=\"historic\" class=\"col-xs-12 col-md-4\">\n<p><a href=\"http:\/\/www.mercatflor.cat\/es\/sin-categoria-es\/2016\/01\/antecedentes-historicos\/\" target=\"_blank\" rel=\"noopener noreferrer\"><img loading=\"lazy\" decoding=\"async\" class=\"alignnone\" src=\"\/wp-content\/uploads\/2013\/11\/aeri_mercat_inicis.jpg\" alt=\"\" width=\"300\" height=\"245\" \/><\/a><\/p>\n<h3><a href=\"http:\/\/www.mercatflor.cat\/es\/sin-categoria-es\/2016\/01\/antecedentes-historicos\/\" target=\"_blank\" rel=\"noopener noreferrer\">Antecedentes hist\u00f3ricos<\/a><\/h3>\n<\/div>\n<div id=\"geografic\" class=\"col-xs-12 col-md-4\">\n<p><a href=\"https:\/\/www.mercatflor.cat\/es\/noticias\/2023\/01\/ya-en-marcha-las-nuevas-placas-fotovoltaicas-del-mercat\/\" target=\"_blank\" rel=\"noopener noreferrer\"><img decoding=\"async\" src=\"https:\/\/www.mercatflor.cat\/wp-content\/uploads\/2024\/11\/PostCARTELLRenovableESP.jpg\" alt=\"\" \/><\/a><\/p>\n<h3><a href=\"https:\/\/www.mercatflor.cat\/es\/noticias\/2023\/01\/ya-en-marcha-las-nuevas-placas-fotovoltaicas-del-mercat\/\" target=\"_blank\" rel=\"noopener noreferrer\">Instalaci\u00f3n Solar Fotovoltaica<\/a><\/h3>\n<\/div>\n<\/div>\n<div id=\"noticies_home\">\n<h1><a href=\"http:\/\/www.mercatflor.cat\/es\/category\/noticias\/\">\u00daltimas noticias<\/a><\/h1>\n<\/div>\n<div id=\"doble_separador_gris\">\u00a0<\/div>","protected":false},"excerpt":{"rendered":"<p>Somos\u00a0el principal\u00a0mayorista profesional del pa\u00edsen el comercio\u00a0en origen de flor y planta ornamental.Referentes en el Sur de Europa. ABRIMOS LOS LUNES &#8211; MI\u00c9RCOLES &#8211; VIERNES HORARIO DE 8 A 13H M\u00e1s informaci\u00f3n: Tel. 937 500 000 Al servicio del sector ornamental Venta directa &#8211; Directorio El Mercat &#8211; Dosier corporativo Calendario del Mercat 2026 \u00bfC\u00f3mo [&hellip;]<\/p>\n","protected":false},"author":6,"featured_media":0,"parent":0,"menu_order":0,"comment_status":"closed","ping_status":"closed","template":"","meta":{"footnotes":""},"class_list":["post-66","page","type-page","status-publish","hentry"],"aioseo_notices":[],"_links":{"self":[{"href":"https:\/\/www.mercatflor.cat\/es\/wp-json\/wp\/v2\/pages\/66","targetHints":{"allow":["GET"]}}],"collection":[{"href":"https:\/\/www.mercatflor.cat\/es\/wp-json\/wp\/v2\/pages"}],"about":[{"href":"https:\/\/www.mercatflor.cat\/es\/wp-json\/wp\/v2\/types\/page"}],"author":[{"embeddable":true,"href":"https:\/\/www.mercatflor.cat\/es\/wp-json\/wp\/v2\/users\/6"}],"replies":[{"embeddable":true,"href":"https:\/\/www.mercatflor.cat\/es\/wp-json\/wp\/v2\/comments?post=66"}],"version-history":[{"count":116,"href":"https:\/\/www.mercatflor.cat\/es\/wp-json\/wp\/v2\/pages\/66\/revisions"}],"predecessor-version":[{"id":15327,"href":"https:\/\/www.mercatflor.cat\/es\/wp-json\/wp\/v2\/pages\/66\/revisions\/15327"}],"wp:attachment":[{"href":"https:\/\/www.mercatflor.cat\/es\/wp-json\/wp\/v2\/media?parent=66"}],"curies":[{"name":"wp","href":"https:\/\/api.w.org\/{rel}","templated":true}]}}