{"id":566,"date":"2013-10-07T10:13:49","date_gmt":"2013-10-07T10:13:49","guid":{"rendered":"http:\/\/test.mercatflor.cat\/actividades\/santoral-del-mes\/"},"modified":"2019-11-04T16:00:49","modified_gmt":"2019-11-04T16:00:49","slug":"santoral-del-mes","status":"publish","type":"page","link":"https:\/\/www.mercatflor.cat\/es\/actividades\/santoral-del-mes\/","title":{"rendered":"Santorales"},"content":{"rendered":"<div id=\"header_image\"><img decoding=\"async\" src=\"\/wp-content\/uploads\/2013\/11\/header_activitats.jpg\" \/><\/div>\n<div id=\"content_page_title\">\n<div class=\"row\">\n<div id=\"titol_pagina\" class=\"col-xs-12 col-md-3\">\n<p>Santoral<\/p>\n<\/div>\n\n<div id=\"doble_separador_gris_titol col-md-9\"><\/div>\n<\/div>\n<p><!-- #content_page_title--><\/p>\n<div class=\"col-xs-12\" style=\"margin-bottom: 25px;\">\n<p><span style=\"color: #000000;\"><span style=\"font-size: 12pt;\">Este a\u00f1o los Santorales del Mercat de Flor i Planta son trimestrales!<\/span><\/span><\/p>\n<p><span style=\"color: #000000;\"><span style=\"font-size: 12pt;\">Clica sobre las im\u00e1genes y podr\u00e1s ver los santorales m\u00e1s grandes.<\/span><\/span><\/p>\n<\/div>\n<div class=\"col-xs-12\" style=\"margin-bottom: 25px;\">\n<p><em style=\"font-size: 12pt;\">Y si quieres un ejemplar impreso para tu florister\u00eda, jardiner\u00eda o tienda, pasa por el Mercat a buscarlo. (Es necesario estar registrado y tener carnet de comprador.) Ejemplares editados solo en catal\u00e1n.<\/em><\/p>\n<p><a href=\"https:\/\/www.mercatflor.cat\/wp-content\/uploads\/2019\/11\/Santoral-Hivern.jpg\"><img loading=\"lazy\" decoding=\"async\" class=\"alignnone wp-image-11639 size-full\" src=\"https:\/\/www.mercatflor.cat\/wp-content\/uploads\/2019\/11\/Santoral-Hivern.jpg\" alt=\"\" width=\"1500\" height=\"1056\" srcset=\"https:\/\/www.mercatflor.cat\/wp-content\/uploads\/2019\/11\/Santoral-Hivern.jpg 1500w, https:\/\/www.mercatflor.cat\/wp-content\/uploads\/2019\/11\/Santoral-Hivern-214x151.jpg 214w, https:\/\/www.mercatflor.cat\/wp-content\/uploads\/2019\/11\/Santoral-Hivern-300x211.jpg 300w, https:\/\/www.mercatflor.cat\/wp-content\/uploads\/2019\/11\/Santoral-Hivern-768x541.jpg 768w, https:\/\/www.mercatflor.cat\/wp-content\/uploads\/2019\/11\/Santoral-Hivern-1024x721.jpg 1024w\" sizes=\"auto, (max-width: 1500px) 100vw, 1500px\" \/><\/a><\/p>\n<p><a href=\"https:\/\/www.mercatflor.cat\/wp-content\/uploads\/2019\/11\/Santoral-Primavera.jpg\"><img loading=\"lazy\" decoding=\"async\" class=\"alignnone wp-image-11643 size-full\" src=\"https:\/\/www.mercatflor.cat\/wp-content\/uploads\/2019\/11\/Santoral-Primavera.jpg\" alt=\"\" width=\"1500\" height=\"1064\" srcset=\"https:\/\/www.mercatflor.cat\/wp-content\/uploads\/2019\/11\/Santoral-Primavera.jpg 1500w, https:\/\/www.mercatflor.cat\/wp-content\/uploads\/2019\/11\/Santoral-Primavera-214x152.jpg 214w, https:\/\/www.mercatflor.cat\/wp-content\/uploads\/2019\/11\/Santoral-Primavera-300x213.jpg 300w, https:\/\/www.mercatflor.cat\/wp-content\/uploads\/2019\/11\/Santoral-Primavera-768x545.jpg 768w, https:\/\/www.mercatflor.cat\/wp-content\/uploads\/2019\/11\/Santoral-Primavera-1024x726.jpg 1024w\" sizes=\"auto, (max-width: 1500px) 100vw, 1500px\" \/><\/a><\/p>\n<p><a href=\"https:\/\/www.mercatflor.cat\/wp-content\/uploads\/2019\/11\/Santoral-Estiu.jpg\"><img loading=\"lazy\" decoding=\"async\" class=\"alignnone wp-image-11635 size-full\" src=\"https:\/\/www.mercatflor.cat\/wp-content\/uploads\/2019\/11\/Santoral-Estiu.jpg\" alt=\"\" width=\"1500\" height=\"1061\" srcset=\"https:\/\/www.mercatflor.cat\/wp-content\/uploads\/2019\/11\/Santoral-Estiu.jpg 1500w, https:\/\/www.mercatflor.cat\/wp-content\/uploads\/2019\/11\/Santoral-Estiu-214x151.jpg 214w, https:\/\/www.mercatflor.cat\/wp-content\/uploads\/2019\/11\/Santoral-Estiu-300x212.jpg 300w, https:\/\/www.mercatflor.cat\/wp-content\/uploads\/2019\/11\/Santoral-Estiu-768x543.jpg 768w, https:\/\/www.mercatflor.cat\/wp-content\/uploads\/2019\/11\/Santoral-Estiu-1024x724.jpg 1024w\" sizes=\"auto, (max-width: 1500px) 100vw, 1500px\" \/><\/a><\/p>\n<p><a href=\"https:\/\/www.mercatflor.cat\/wp-content\/uploads\/2019\/11\/Santoral-Tardor.jpg\"><img loading=\"lazy\" decoding=\"async\" class=\"alignnone wp-image-11647 size-full\" src=\"https:\/\/www.mercatflor.cat\/wp-content\/uploads\/2019\/11\/Santoral-Tardor.jpg\" alt=\"\" width=\"1500\" height=\"1065\" srcset=\"https:\/\/www.mercatflor.cat\/wp-content\/uploads\/2019\/11\/Santoral-Tardor.jpg 1500w, https:\/\/www.mercatflor.cat\/wp-content\/uploads\/2019\/11\/Santoral-Tardor-214x152.jpg 214w, https:\/\/www.mercatflor.cat\/wp-content\/uploads\/2019\/11\/Santoral-Tardor-300x213.jpg 300w, https:\/\/www.mercatflor.cat\/wp-content\/uploads\/2019\/11\/Santoral-Tardor-768x545.jpg 768w, https:\/\/www.mercatflor.cat\/wp-content\/uploads\/2019\/11\/Santoral-Tardor-1024x727.jpg 1024w\" sizes=\"auto, (max-width: 1500px) 100vw, 1500px\" \/><\/a><\/p>\n<\/div>\n<\/div>\n","protected":false},"excerpt":{"rendered":"<p>Santoral Este a\u00f1o los Santorales del Mercat de Flor i Planta son trimestrales! Clica sobre las im\u00e1genes y podr\u00e1s ver los santorales m\u00e1s grandes. Y si quieres un ejemplar impreso para tu florister\u00eda, jardiner\u00eda o tienda, pasa por el Mercat a buscarlo. (Es necesario estar registrado y tener carnet de comprador.) Ejemplares editados solo en [&hellip;]<\/p>\n","protected":false},"author":6,"featured_media":0,"parent":560,"menu_order":0,"comment_status":"closed","ping_status":"closed","template":"page_without_news.php","meta":{"footnotes":""},"class_list":["post-566","page","type-page","status-publish","hentry"],"aioseo_notices":[],"_links":{"self":[{"href":"https:\/\/www.mercatflor.cat\/es\/wp-json\/wp\/v2\/pages\/566","targetHints":{"allow":["GET"]}}],"collection":[{"href":"https:\/\/www.mercatflor.cat\/es\/wp-json\/wp\/v2\/pages"}],"about":[{"href":"https:\/\/www.mercatflor.cat\/es\/wp-json\/wp\/v2\/types\/page"}],"author":[{"embeddable":true,"href":"https:\/\/www.mercatflor.cat\/es\/wp-json\/wp\/v2\/users\/6"}],"replies":[{"embeddable":true,"href":"https:\/\/www.mercatflor.cat\/es\/wp-json\/wp\/v2\/comments?post=566"}],"version-history":[{"count":17,"href":"https:\/\/www.mercatflor.cat\/es\/wp-json\/wp\/v2\/pages\/566\/revisions"}],"predecessor-version":[{"id":11650,"href":"https:\/\/www.mercatflor.cat\/es\/wp-json\/wp\/v2\/pages\/566\/revisions\/11650"}],"up":[{"embeddable":true,"href":"https:\/\/www.mercatflor.cat\/es\/wp-json\/wp\/v2\/pages\/560"}],"wp:attachment":[{"href":"https:\/\/www.mercatflor.cat\/es\/wp-json\/wp\/v2\/media?parent=566"}],"curies":[{"name":"wp","href":"https:\/\/api.w.org\/{rel}","templated":true}]}}